{"id":6812,"date":"2021-01-01T10:00:56","date_gmt":"2021-01-01T09:00:56","guid":{"rendered":"https:\/\/www.houseofase.com\/produit\/jezabel-poudre-encens\/"},"modified":"2025-03-22T01:32:53","modified_gmt":"2025-03-22T00:32:53","slug":"jezabel-poud-lansan","status":"publish","type":"product","link":"https:\/\/www.houseofase.com\/gp\/pwodui\/jezabel-poud-lansan","title":{"rendered":"J\u00e9zab\u00e8l [Poud &#038; Lansan]"},"content":{"rendered":"<p>[vc_row][vc_column width=&#8221;1\/2&#8243;][vc_column_text]<\/p>\n<h3>Menn\u00e9 anbenn (\u00e8v\u00e8 tigout chal\u00e8) pou lajan<\/h3>\n<p>Tradisyon\u00e8lman, s\u00e9 anmafw\u00e8z Lwizyan ki t\u00e9 ka s\u00e8vi \u00e8v\u00e8 rasin J\u00e9zab\u00e8l pou ral\u00e9-vini boug rich ki t\u00e9 k\u00e9 vl\u00e9 p\u00e9y\u00e9 pou s\u00e8vis a-yo&#8230; J\u00f2di-jou, tout <strong>fanm ka s\u00e8vi \u00e8v\u00e8 pouvwa a rasin-lasa pou menn\u00e9 anvi a nonm \u00e9 f\u00e8 yo vin dous \u00e9 donan<\/strong>.[\/vc_column_text][\/vc_column][vc_column width=&#8221;1\/2&#8243;][vc_single_image image=&#8221;6804&#8243; img_size=&#8221;large&#8221; alignment=&#8221;right&#8221;][\/vc_column][\/vc_row][vc_row][vc_column width=&#8221;1\/2&#8243;][vc_row_inner][vc_column_inner offset=&#8221;vc_hidden-xs&#8221;][vc_single_image image=&#8221;6792&#8243; img_size=&#8221;large&#8221;][\/vc_column_inner][\/vc_row_inner][\/vc_column][vc_column width=&#8221;1\/2&#8243;][vc_column_text]<\/p>\n<h3>Kijan pou s\u00e8vi \u00e8v\u00e8-y<\/h3>\n<p>L\u00e8 i an lwil, d\u00e9twa gout asi pongn\u00e8t a-w \u00e9 kot\u00e9 cho a k\u00f2-aw ka \u00e9d\u00e9 atir\u00e9 atansyon (\u00e9 monn\u00e9). An f\u00f2m poud, menm jan nou ka vann-li, i p\u00e9 s\u00e8vi plizy\u00e8 manny\u00e8. Ou p\u00e9 <strong>bril\u00e9-y kon lansan pannan on s\u00e9r\u00e9moni<\/strong>. Oswa, <strong>ou p\u00e9 lag\u00e9 on ti zingzing andidan on l\u00e8t, asi on kontra, an souly\u00e9 a moun-la ou bouzen if \u00e8 on biten ba-w la<\/strong>. S\u00e9-w ka vw\u00e8. Kondisyon s\u00e9 ta-w.[\/vc_column_text][\/vc_column][\/vc_row][vc_row][vc_column width=&#8221;1\/2&#8243;][vc_row_inner][vc_column_inner offset=&#8221;vc_hidden-lg vc_hidden-md vc_hidden-sm&#8221;][vc_single_image image=&#8221;6795&#8243; img_size=&#8221;large&#8221;][\/vc_column_inner][\/vc_row_inner][vc_column_text]<\/p>\n<h3>F\u00f2mil majik a-y<\/h3>\n<p>Poud J\u00e9zab\u00e8l annou f\u00e8t \u00e8v\u00e8 <strong>rasin \u00e9 riz\u00f2m a vr\u00e9 plant J\u00e9zab\u00e8l ki s\u00f2ti an Lwizyan<\/strong> (<strong>apa po wouj a l\u00e9pis\u00e9a moun ka jwenn \u00e8v\u00e8-y toupatou asi ent\u00e8rn\u00e8t<\/strong>). Adan sa, nou rajout\u00e9 rasin, po, f\u00e8y \u00e9 \u00e8kstr\u00e8 a plant moun ja konn\u00e8t dapr\u00e9 pouvwa yo tini pou f\u00e8 moun bobi, f\u00e8 d\u00f2t menn\u00e9 \u00e9 l\u00e9v\u00e9 chal\u00e8.[\/vc_column_text][\/vc_column][vc_column width=&#8221;1\/2&#8243;][vc_row_inner][vc_column_inner offset=&#8221;vc_hidden-xs&#8221;][vc_single_image image=&#8221;6795&#8243; img_size=&#8221;large&#8221;][\/vc_column_inner][\/vc_row_inner][\/vc_column][\/vc_row][vc_row full_width=&#8221;stretch_row&#8221; css=&#8221;.vc_custom_1612126113129{background-color: #f8f8f8 !important;}&#8221;][vc_column][vc_column_text]<em><strong style=\"font-size: 14px;\">Pokosyon<\/strong><\/em><br \/>\n<em><span style=\"font-size: 14px;\">Pa val\u00e9-y. I tini vr\u00e9 rasin Jezab\u00e8l andidan. J\u00e9zab\u00e8l Louisian pa ka aplik\u00e9 asi po a-moun two lontan.<\/span><\/em>[\/vc_column_text][\/vc_column][\/vc_row][vc_row][vc_column width=&#8221;5\/12&#8243; offset=&#8221;vc_hidden-xs&#8221;][vc_single_image image=&#8221;6798&#8243; img_size=&#8221;large&#8221;][\/vc_column][vc_column width=&#8221;7\/12&#8243;][vc_column_text]<\/p>\n<h3>Listwa a J\u00e9zab\u00e8l<\/h3>\n<p>An lavi r\u00e9y\u00e8l, J\u00e9zab\u00e8l t\u00e9 on prens\u00e8s f\u00e9nisyen, pitit a Itobal I (Ithobaal I, Ethbaal I), ki t\u00e9 wa lavil Tir. I vini R\u00e8n p\u00e8p Izray\u00e8l l\u00e8 i may\u00e9 \u00e8v\u00e8 wa Akab, pou ki moun i f\u00e8 3 pitit.<\/p>\n<p>Adan Labib, s\u00e9 on fanm ki byen kontwov\u00e8syal davwa i lag\u00e9 w\u00f2l tradisyon\u00e8l fanm t\u00e9 tini antan lontan. Yo kritik\u00e9-y onpil pou enfliyans i t\u00e9 tini asi mari a-y \u00e9 gason a-y. Natir\u00e8lman, s\u00e9 li yo vin chach\u00e9 tren l\u00e8 s\u00e9 m\u00e9sy\u00e9 f\u00e8 mov\u00e9 chwa politik.<\/p>\n<p><strong>Sa t\u00e9 k\u00e9 on byen bon lid\u00e9 aprann on ti l\u00e8son \u00e8v\u00e8 \u00e8sp\u00e9ryans a J\u00e9zab\u00e8l<\/strong>. Lat\u00e8 ja toun\u00e9 konmen fwa d\u00e8pi Ansyen T\u00e8staman \u00e9 onlo biten ja chanj\u00e9. S\u00e9 vr\u00e9 sa. M\u00e8 asir\u00e9 s\u00e8ten enp\u00e9 biten r\u00e9t\u00e9 menm jan-la. L\u00e8 ou ka envok\u00e9 l\u00e9sans a-y adan mann\u00e8v a-w, pa f\u00e8 nenp\u00f2t biten. Fo ou ka miltipliy\u00e9 pokosyon. <strong>L\u00e8 ou vir\u00e9 my\u00e9l\u00e8z do ou ja an manipil\u00e8z<\/strong> (\u00e9 pou d\u00e9twa moun s\u00e9 menm biten). Moun p\u00e9 k\u00f2l\u00e8 d\u00e8y\u00e8-w. Pran pl\u00e9zi a-w&#8230; m\u00e8 f\u00e8 atansyon.[\/vc_column_text][\/vc_column][\/vc_row]<\/p>\n","protected":false},"excerpt":{"rendered":"<p>Poud J\u00e9zab\u00e8l s\u00e9 aly\u00e9 ki fo pou moun ki vl\u00e9 atir\u00e9 boug ki dous \u00e9 ki par\u00e9 a d\u00e9pans\u00e9 lajan a-yo. Itil pou jwenn \u00e8v\u00e8 on nonm rich, I bon pou r\u00e9yisit \u00e9 zaf\u00e8 osi.<\/p>\n<p><center>[currency_switcher format=\"%code% (%symbol%)\"]<\/center><\/p>\n","protected":false},"featured_media":6750,"comment_status":"open","ping_status":"closed","template":"","meta":[],"product_cat":[101,102],"product_tag":[96,91,89,100,90,93],"jetpack_sharing_enabled":false,"yoast_head":"<!-- This site is optimized with the Yoast SEO plugin v15.5 - https:\/\/yoast.com\/wordpress\/plugins\/seo\/ -->\n<title>Poud Rasin J\u00e9zab\u00e8l | Atir\u00e9 nonm rich &amp; r\u00e9yisi an bizn\u00e8s<\/title>\n<meta name=\"description\" content=\"Poud J\u00e9zab\u00e8l s\u00e9 on aly\u00e9 majik pou atir\u00e9 on mari rich ki vl\u00e9 d\u00e9pans\u00e9 lajan a-y. Ou p\u00e9 s\u00e8vi \u00e8v\u00e8-y menm jan pou r\u00e9yisit \u00e9 travay.\" \/>\n<meta name=\"robots\" content=\"index, follow, max-snippet:-1, max-image-preview:large, max-video-preview:-1\" \/>\n<link rel=\"canonical\" href=\"https:\/\/www.houseofase.com\/gp\/pwodui\/jezabel-poud-lansan\/\" \/>\n<meta property=\"og:locale\" content=\"en_US\" \/>\n<meta property=\"og:type\" content=\"article\" \/>\n<meta property=\"og:title\" content=\"Poud Rasin J\u00e9zab\u00e8l | Atir\u00e9 nonm rich &amp; r\u00e9yisi an bizn\u00e8s\" \/>\n<meta property=\"og:description\" content=\"Poud J\u00e9zab\u00e8l s\u00e9 on aly\u00e9 majik pou atir\u00e9 on mari rich ki vl\u00e9 d\u00e9pans\u00e9 lajan a-y. Ou p\u00e9 s\u00e8vi \u00e8v\u00e8-y menm jan pou r\u00e9yisit \u00e9 travay.\" \/>\n<meta property=\"og:url\" content=\"https:\/\/www.houseofase.com\/gp\/pwodui\/jezabel-poud-lansan\" \/>\n<meta property=\"og:site_name\" content=\"House of \u00c0\u1e63\u1eb9\" \/>\n<meta property=\"article:modified_time\" content=\"2025-03-22T00:32:53+00:00\" \/>\n<meta property=\"og:image\" content=\"https:\/\/www.houseofase.com\/wp-content\/uploads\/2021\/01\/product-img-main-jezebel-01.jpg\" \/>\n\t<meta property=\"og:image:width\" content=\"1280\" \/>\n\t<meta property=\"og:image:height\" content=\"1500\" \/>\n<meta name=\"twitter:card\" content=\"summary_large_image\" \/>\n<meta name=\"twitter:label1\" content=\"Est. reading time\">\n\t<meta name=\"twitter:data1\" content=\"3 minutes\">\n<script type=\"application\/ld+json\" class=\"yoast-schema-graph\">{\"@context\":\"https:\/\/schema.org\",\"@graph\":[{\"@type\":\"Organization\",\"@id\":\"https:\/\/www.houseofase.com\/#organization\",\"name\":\"House of \\u00c0\\u1e63\\u1eb9\",\"url\":\"https:\/\/www.houseofase.com\/\",\"sameAs\":[\"https:\/\/www.instagram.com\/AfroKalina\"],\"logo\":{\"@type\":\"ImageObject\",\"@id\":\"https:\/\/www.houseofase.com\/#logo\",\"inLanguage\":\"gp-GP\",\"url\":\"\",\"caption\":\"House of \\u00c0\\u1e63\\u1eb9\"},\"image\":{\"@id\":\"https:\/\/www.houseofase.com\/#logo\"}},{\"@type\":\"WebSite\",\"@id\":\"https:\/\/www.houseofase.com\/#website\",\"url\":\"https:\/\/www.houseofase.com\/\",\"name\":\"House of \\u00c0\\u1e63\\u1eb9\",\"description\":\"Afro-Kalina &amp; Caribbean Traditions\",\"publisher\":{\"@id\":\"https:\/\/www.houseofase.com\/#organization\"},\"potentialAction\":[{\"@type\":\"SearchAction\",\"target\":\"https:\/\/www.houseofase.com\/?s={search_term_string}\",\"query-input\":\"required name=search_term_string\"}],\"inLanguage\":\"gp-GP\"},{\"@type\":\"ImageObject\",\"@id\":\"https:\/\/www.houseofase.com\/gp\/pwodui\/jezabel-poud-lansan#primaryimage\",\"inLanguage\":\"gp-GP\",\"url\":\"https:\/\/www.houseofase.com\/wp-content\/uploads\/2021\/01\/product-img-main-jezebel-01.jpg\",\"width\":1280,\"height\":1500},{\"@type\":\"WebPage\",\"@id\":\"https:\/\/www.houseofase.com\/gp\/pwodui\/jezabel-poud-lansan#webpage\",\"url\":\"https:\/\/www.houseofase.com\/gp\/pwodui\/jezabel-poud-lansan\",\"name\":\"Poud Rasin J\\u00e9zab\\u00e8l | Atir\\u00e9 nonm rich & r\\u00e9yisi an bizn\\u00e8s\",\"isPartOf\":{\"@id\":\"https:\/\/www.houseofase.com\/#website\"},\"primaryImageOfPage\":{\"@id\":\"https:\/\/www.houseofase.com\/gp\/pwodui\/jezabel-poud-lansan#primaryimage\"},\"datePublished\":\"2021-01-01T09:00:56+00:00\",\"dateModified\":\"2025-03-22T00:32:53+00:00\",\"description\":\"Poud J\\u00e9zab\\u00e8l s\\u00e9 on aly\\u00e9 majik pou atir\\u00e9 on mari rich ki vl\\u00e9 d\\u00e9pans\\u00e9 lajan a-y. Ou p\\u00e9 s\\u00e8vi \\u00e8v\\u00e8-y menm jan pou r\\u00e9yisit \\u00e9 travay.\",\"inLanguage\":\"gp-GP\",\"potentialAction\":[{\"@type\":\"ReadAction\",\"target\":[\"https:\/\/www.houseofase.com\/gp\/pwodui\/jezabel-poud-lansan\"]}]}]}<\/script>\n<!-- \/ Yoast SEO plugin. -->","_links":{"self":[{"href":"https:\/\/www.houseofase.com\/gp\/wp-json\/wp\/v2\/product\/6812"}],"collection":[{"href":"https:\/\/www.houseofase.com\/gp\/wp-json\/wp\/v2\/product"}],"about":[{"href":"https:\/\/www.houseofase.com\/gp\/wp-json\/wp\/v2\/types\/product"}],"replies":[{"embeddable":true,"href":"https:\/\/www.houseofase.com\/gp\/wp-json\/wp\/v2\/comments?post=6812"}],"wp:featuredmedia":[{"embeddable":true,"href":"https:\/\/www.houseofase.com\/gp\/wp-json\/wp\/v2\/media\/6750"}],"wp:attachment":[{"href":"https:\/\/www.houseofase.com\/gp\/wp-json\/wp\/v2\/media?parent=6812"}],"wp:term":[{"taxonomy":"product_cat","embeddable":true,"href":"https:\/\/www.houseofase.com\/gp\/wp-json\/wp\/v2\/product_cat?post=6812"},{"taxonomy":"product_tag","embeddable":true,"href":"https:\/\/www.houseofase.com\/gp\/wp-json\/wp\/v2\/product_tag?post=6812"}],"curies":[{"name":"wp","href":"https:\/\/api.w.org\/{rel}","templated":true}]}}