{"id":38115,"date":"2021-11-07T22:32:30","date_gmt":"2021-11-07T21:32:32","guid":{"rendered":"https:\/\/www.houseofase.com\/?post_type=product&#038;p=38115"},"modified":"2026-02-05T03:25:41","modified_gmt":"2026-02-05T02:25:41","slug":"planifikate-espirityel","status":"publish","type":"product","link":"https:\/\/www.houseofase.com\/gp\/pwodui\/planifikate-espirityel\/","title":{"rendered":"Planifikat\u00e8 2025 [Planifikat\u00e8 Espirity\u00e8l]"},"content":{"rendered":"<p>[vc_row][vc_column width=&#8221;1\/2&#8243;][vc_column_text]<\/p>\n<h3>On lann\u00e9 pou adr\u00e9s\u00e9, ranf\u00f2s\u00e9 \u00e9pi \u00e9liv\u00e9 chimen \u00e8spirity\u00e8l a-w<\/h3>\n<p>Planifikat\u00e8-lasa s\u00e9 pou moun ka konsakr\u00e9, oswa p\u00e9t\u00e8t sa ki v\u00e9 j\u00e9t\u00e9 on zy\u00e9, adan <strong>r\u00e8lijyon \u00e9pi sist\u00e8m tradisyon\u00e8l afriken<\/strong>, kon Houdou, Vodou, Candombl\u00ea, Kenbwa, Ifa, Quimbanda, Umbanda, \u00e9pi Vodou Lwizyan. Id\u00e9yal pou moun ka woukon\u00e8kt\u00e9 \u00e9pi chouk a zans\u00e8t a-yo, ka \u00e8splor\u00e9 pratik \u00e8spirity\u00e8l alt\u00e8natif oswa ki vl\u00e9 konsolid\u00e9 swen p\u00e8son\u00e8l a-yo \u00e9pi \u00e8spirityalit\u00e9 chak jou. Ajenda-lasa ka bay on chawpant pou r\u00e9d\u00e9-w <strong>gloriy\u00e9 zans\u00e8t a-w<\/strong> \u00e9 pw\u00f2p chimen p\u00e8son\u00e8l a-w.[\/vc_column_text][\/vc_column][vc_column width=&#8221;1\/2&#8243;][vc_single_image image=&#8221;38197&#8243; img_size=&#8221;large&#8221; alignment=&#8221;right&#8221;][\/vc_column][\/vc_row][vc_row][vc_column offset=&#8221;vc_hidden-xs&#8221;][vc_separator color=&#8221;&#8221; align=&#8221;&#8221;][\/vc_column][\/vc_row][vc_row][vc_column width=&#8221;1\/2&#8243;][vc_row_inner][vc_column_inner offset=&#8221;vc_hidden-xs&#8221;][vc_single_image image=&#8221;38200&#8243; img_size=&#8221;large&#8221;][\/vc_column_inner][\/vc_row_inner][\/vc_column][vc_column width=&#8221;1\/2&#8243;][vc_column_text]<\/p>\n<h3>Poukibiten ajenda-lasa bon ba-w?<\/h3>\n<p>Ajenda-lasa ka r\u00e9d\u00e9-w \u00f2rganiz\u00e9 travay \u00e9 pratik a-w dapr\u00e9 <strong>faz a lalin<\/strong> \u00e9pi rity\u00e8l s\u00e9zony\u00e8. I ka ankouraj\u00e9-w pou kontiny\u00e9 tini on <strong>pratik \u00e8spirity\u00e8l r\u00e9gily\u00e9<\/strong>. I ka ba-w on kot\u00e9 pou p\u00e9sa mak\u00e9 travay, r\u00e9fl\u00e9chi asi m\u00e9saj ou ka jwenn an <strong>divinasyon<\/strong> \u00e9pi suiv dat enp\u00f2tan an enp\u00e9 sist\u00e8m \u00e8spirity\u00e8l dyaspora Afriken ou ka patisip\u00e9.<\/p>\n<p>S\u00e9 pi plis ki on planifikat\u00e8: s\u00e9 on zouti \u00e8spirity\u00e8l olistik ka <strong>onor\u00e9 r\u00e8lijyon tradisyon\u00e8l \u00e9pi sist\u00e8m \u00e8spirity\u00e8l afriken<\/strong> tou pannan i ka p\u00e8m\u00e8t vou kr\u00e9y\u00e9 on woutin ka sanm chimen p\u00e8son\u00e8l a-w. Ajenda-lasa, s\u00e9 on fanm natif natal dyaspora Afriken ki f\u00e8-y \u00e9 li menm a-y s\u00e9 on pratikan a pizy\u00e8 sist\u00e8m. Adonk, i ka p\u00f2t\u00e9 soutyen pou pratikan ki tini \u00e8sp\u00e9ryans \u00e9pi sa ki s\u00f2ti riv\u00e9 an <strong>\u00e8spirityalit\u00e9 Afriken<\/strong>.[\/vc_column_text][\/vc_column][\/vc_row][vc_row][vc_column offset=&#8221;vc_hidden-xs&#8221;][vc_separator color=&#8221;&#8221; align=&#8221;&#8221;][\/vc_column][\/vc_row][vc_row][vc_column width=&#8221;1\/2&#8243;][vc_row_inner][vc_column_inner offset=&#8221;vc_hidden-lg vc_hidden-md vc_hidden-sm&#8221;][vc_single_image image=&#8221;38200&#8243; img_size=&#8221;large&#8221;][\/vc_column_inner][\/vc_row_inner][vc_column_text]<\/p>\n<h3>Ka ki adan<\/h3>\n<ul>\n<li><strong>Kalandriy\u00e9 a lalin<\/strong>: konsa ou p\u00e9 planify\u00e9 travay a vou dapr\u00e9 faz a lalin.<\/li>\n<li><strong>Espas chak mwa pou divinasyon \u00e9pi r\u00e9fl\u00e8ksyon<\/strong>: mak\u00e9 m\u00e9saj ka vin pannan divinasyon\u00a0; r\u00e9fl\u00e9chi asi d\u00e9vl\u00f2pman p\u00e8son\u00e8l \u00e9 espirity\u00e8l a-w chak mwa.<\/li>\n<li><strong>Almanak \u00e9pi s\u00e9l\u00e9brasyon a r\u00e8lijyon Afriken<\/strong>: on ajenda \u00e8v\u00e8 prensipal f\u00e8stival \u00e9pi s\u00e9l\u00e9brasyon pou l\u00e8spri \u00e9pi divinit\u00e9 an Houdou, Vodou, Quimbanda, Umbanda \u00e9pi Ifa.<\/li>\n<li><strong>Jounal a travay \u00e9 rity\u00e8l<\/strong>: On \u00e8spas pou dokimant\u00e9 travay a-w, ki ou fokaliz\u00e9 asi pwot\u00e8ksyon, pw\u00f2sp\u00e9rit\u00e9, lanmou, oswa g\u00e9rizon.<\/li>\n<\/ul>\n<p><strong>AGOUBA<\/strong><\/p>\n<p>Magr\u00e9 a pa on liv a travay, an pa t\u00e9 p\u00e9 f\u00e8 on planifikat\u00e8 \u00e8v\u00e8 yenki dat adan. Mi pousa l\u00e8 ou k\u00e9 wouv\u00e8-y ou k\u00e9 jwenn \u00e8v\u00e8:<br \/>\n<em>&#8211; on priy\u00e8 ba l\u00e9zans\u00e8t,<br \/>\n&#8211; lis kiltir\u00e8l (liv pou li, fim pou gad\u00e9),<br \/>\n&#8211; on piti s\u00e9r\u00e9moni fasil tout moun p\u00e9 f\u00e8 pou koumans\u00e9 lann\u00e9-la kon i fo.<\/em><\/p>\n<p><strong><em>\u00c9disyon 2025<\/em><\/strong><\/p>\n<p>Edisyon a lann\u00e9-lasa ka konsantr\u00e9 asi <strong>katchimen<\/strong>, on \u00e9l\u00e9man \u00e9sansy\u00e8l an TOUT r\u00e8lijyon \u00e9 pratik \u00e8spirity\u00e8l ki s\u00f2ti Lafrik. Nou k\u00e9 \u00e8splor\u00e9 sans ay \u00e9pi d\u00e9kouv\u00e8 ansanm d\u00e9 gran non a l\u00e8spri katchimen an r\u00e8lijyon Yoruba Ifa \u00e9pi Vodou: Elegu\u00e1 \u00e8v\u00e8 Papa Legba.<\/p>\n<p>Ajenda-la ka pr\u00e9azant\u00e9 kat rity\u00e8l \u00e9sansy\u00e8l an tradisyon Kenbwa, yonn pou chak s\u00e9zon, ka kouv\u00e8 pirifikasyon, d\u00e9gajman, pwoteksyon \u00e9pi abondans.[\/vc_column_text][\/vc_column][vc_column width=&#8221;1\/2&#8243;][vc_row_inner][vc_column_inner offset=&#8221;vc_hidden-xs&#8221;][vc_single_image image=&#8221;38193&#8243; img_size=&#8221;large&#8221;][\/vc_column_inner][\/vc_row_inner][\/vc_column][\/vc_row][vc_row][vc_column width=&#8221;1\/2&#8243;][vc_column_text]<\/p>\n<h2><strong>Edisyon avan<\/strong><\/h2>\n<p><strong><em>\u00c9disyon 2024<\/em><\/strong><br \/>\nNi on tibiten dif\u00e9ran adan \u00e9disyon-lasa. I <strong>d\u00e9dy\u00e9 pou \u1ecc\u0300\u1e63un<\/strong>. Davwa an ka suiv-li, chwa-la t\u00e9 fasil pou mwen. Ou k\u00e9 jwenn \u00e9pi on entwodiksyon asi-y \u00e8v\u00e8 toutbiten i ka r\u00e8pr\u00e9zant\u00e9 ki toul\u00e9jou ki m\u00e9tafizik. Ou k\u00e9 aprann d\u00e9 ti istwa \u00e9pi on <strong>rity\u00e8l pr\u00e9s\u00e9 pou kon\u00e8kt\u00e9 \u00e8v\u00e8-y (\u00e9pi r\u00e8sp\u00e9)<\/strong> pannan mwa yo ka f\u00e9t\u00e9-y. <strong>An agouba, an k\u00e9 pr\u00e9zant\u00e9 ba-w on d\u00f2t divinit\u00e9 mwen enm\u00e9 onpil ki ka vl\u00e9 sanm fanmi \u00e8v\u00e8 \u1ecc\u0300\u1e63un: Pomba Gira<\/strong>. Lann\u00e9-lasa ank\u00f2, an k\u00e9 fokaliz\u00e9 asi Kenbwa \u00e9pi <strong>on pal\u00e9 an pran \u00e8v\u00e8 pw\u00f2p manman mwen asi \u00e9dikasyon \u00e8spirity\u00e8l\u00a0 \u00e9 transmisyon<\/strong>.[\/vc_column_text][\/vc_column][vc_column width=&#8221;1\/2&#8243;][vc_column_text]<strong><em>\u00c9disyon 2023<\/em><\/strong><br \/>\nLann\u00e9-lasa ank\u00f2, an ka ba-w d\u00e9 t\u00e8ks pou pwofondi r\u00e9fl\u00e8ksyon a-w \u00e9 pou d\u00e9tann vou tigout. Ou k\u00e9 touv\u00e9 on ti istwa asi pratik a <strong>dlo koukoun<\/strong>. M\u00e8 ou k\u00e9 jwenn osi \u00e8v\u00e8 on ent\u00e8vyou \u00e9pi on moun \u00e8sepsyon\u00e8l davwa i ni on pozisyon an Vodou Ayisyen toupannan i s\u00e9 on r\u00e9f\u00e9rans politik \u00e9 kiltir\u00e8l padavwa s\u00e9 on larenn, <strong>R\u00e8n Manman D\u00f2w\u00f2ti D\u00e9sir, larenn la dyaspora o Benen<\/strong>.<\/p>\n<p><strong><em>\u00c9disyon 2022<\/em><\/strong><br \/>\nI ka ba-w osi d\u00e9 t\u00e8ks. Pr\u00e8my\u00e9-la s\u00e9 on atik asi <strong>lanm\u00f2 an kilti Kenbwa<\/strong> (r\u00e8sp\u00e8 \u00e9pi lap\u00e9r\u00e9zit\u00e9 alantou a m\u00f2, \u00e9l\u00e9vasyon a nanm\u2026). D\u00e9zyenm-la s\u00e9 on paw\u00f2l asi Hoodoo, on tradisyon n\u00e8g am\u00e9riken moun ka pal\u00e9 plis an plis \u00e9 ki ka p\u00e8d figi a-y menm jan-la. Mwen kontr\u00e9 \u00e9pi on m\u00f2so moun adan tradisyon-la, <strong>larenn Cotaliya Benson Milner Meadows de la Pound<\/strong>, pwopriy\u00e9t\u00e8 a <strong>Conjure South<\/strong>. Ansanm nou pal\u00e9 asi transmisyon pou pwochen j\u00e9n\u00e9rasyon \u00e9pi divini a Hoodoo.[\/vc_column_text][\/vc_column][\/vc_row][vc_row][vc_column offset=&#8221;vc_hidden-xs&#8221;][vc_separator color=&#8221;&#8221; align=&#8221;&#8221;][\/vc_column][\/vc_row][vc_row full_width=&#8221;stretch_row&#8221; css=&#8221;.vc_custom_1640210044274{background-color: #f8f8f8 !important;}&#8221;][vc_column][vc_column_text]<iframe loading=\"lazy\" src=\"https:\/\/www.youtube.com\/embed\/Avye3K1iZWo?hl=fr&amp;cc_lang_pref=fr&amp;cc_load_policy=1\" width=\"100%\" height=\"315\" frameborder=\"0\" allowfullscreen=\"allowfullscreen\"><\/iframe>[\/vc_column_text][\/vc_column][\/vc_row][vc_row full_width=&#8221;stretch_row&#8221; css=&#8221;.vc_custom_1668518357288{background-color: #f8f8f8 !important;}&#8221;][vc_column][vc_column_text]<strong><em>\u00d2F \u00c8SP\u00c9SYAL !<\/em><\/strong><br \/>\n<em>komand\u00e9 \u00e9pi avans<\/em>[\/vc_column_text][\/vc_column][\/vc_row][vc_row][vc_column width=&#8221;5\/12&#8243; offset=&#8221;vc_hidden-xs&#8221;][vc_single_image image=&#8221;38129&#8243; img_size=&#8221;large&#8221;][\/vc_column][vc_column width=&#8221;7\/12&#8243;][vc_column_text]<\/p>\n<h3><strong>Jous 1y\u00e9 d\u00e9sanm<\/strong><\/h3>\n<p>Planifikat\u00e8-la k\u00e9 disponib ofisy\u00e8lman 1y\u00e9 d\u00e9sanm 2024. M\u00e8, ou p\u00e9 ja k\u00f2mand\u00e9-y d\u00e8pi apr\u00e9zan!<\/p>\n<p><strong>Si ou f\u00e8 on pr\u00e9-komann, ou ka jwenn \u00e8v\u00e8 10% kado asi Planifikat\u00e8-la (k\u00f2d: PLANNER10) \u00e9pi 25% kado asi nenp\u00f2t sa ou tini an pllis adan panny\u00e9 a-w (k\u00f2d: PLANNER25)! Ou p\u00e9 kol\u00e9 s\u00e9 kado-la si ou vl\u00e9.<\/strong><\/p>\n<p>Planifikat\u00e8 ki pr\u00e9-komand\u00e9 k\u00e9 pati 1y\u00e9 simenn a d\u00e9sanm.[\/vc_column_text][\/vc_column][\/vc_row]<\/p>\n","protected":false},"excerpt":{"rendered":"<p>Planifikat\u00e8-lasa s\u00e9 on konpangn \u00e8spirity\u00e8l pou 2025 toun\u00e9 asi kilti a n\u00e8g. I p\u00e9 r\u00e9d\u00e9-w gad\u00e9 tras a pratik \u00e8spirity\u00e8l \u00e9 r\u00e8lijy\u00e9 a-w, adan plizy\u00e8 tradisyon dyaspora afriken.<\/p>\n<p style=\"text-align: center;\">[currency_switcher format=\"%code% (%symbol%)\"]<\/p>\n","protected":false},"featured_media":38584,"comment_status":"open","ping_status":"closed","template":"","meta":[],"product_cat":[122],"product_tag":[117,120],"jetpack_sharing_enabled":false,"yoast_head":"<!-- This site is optimized with the Yoast SEO plugin v15.5 - https:\/\/yoast.com\/wordpress\/plugins\/seo\/ -->\n<title>Ajenda \u00e8spirity\u00e8l 2025 | On Lann\u00e9 an Katchimen (pou pitit a Lafrik)<\/title>\n<meta name=\"description\" content=\"Kalandriy\u00e9 s\u00e9l\u00e9brasyon; jounal divinasyon \u00e9 rity\u00e8l Kenbwa, Hoodoo, Vodou, Ifa, Santer\u00eda \u00e9pi d\u00f2t tradisyon Afriken (\u00e8v\u00e8 Oricha \u00e9pi Lwa).\" \/>\n<meta name=\"robots\" content=\"index, follow, max-snippet:-1, max-image-preview:large, max-video-preview:-1\" \/>\n<link rel=\"canonical\" href=\"https:\/\/www.houseofase.com\/gp\/pwodui\/planifikate-espirityel\/\" \/>\n<meta property=\"og:locale\" content=\"en_US\" \/>\n<meta property=\"og:type\" content=\"article\" \/>\n<meta property=\"og:title\" content=\"Ajenda \u00e8spirity\u00e8l 2025 | On Lann\u00e9 an Katchimen (pou pitit a Lafrik)\" \/>\n<meta property=\"og:description\" content=\"Kalandriy\u00e9 s\u00e9l\u00e9brasyon; jounal divinasyon \u00e9 rity\u00e8l Kenbwa, Hoodoo, Vodou, Ifa, Santer\u00eda \u00e9pi d\u00f2t tradisyon Afriken (\u00e8v\u00e8 Oricha \u00e9pi Lwa).\" \/>\n<meta property=\"og:url\" content=\"https:\/\/www.houseofase.com\/gp\/pwodui\/planifikate-espirityel\/\" \/>\n<meta property=\"og:site_name\" content=\"House of \u00c0\u1e63\u1eb9\" \/>\n<meta property=\"article:modified_time\" content=\"2026-02-05T02:25:41+00:00\" \/>\n<meta property=\"og:image\" content=\"https:\/\/www.houseofase.com\/wp-content\/uploads\/2021\/11\/product-img-main-planner25-00.jpg\" \/>\n\t<meta property=\"og:image:width\" content=\"1280\" \/>\n\t<meta property=\"og:image:height\" content=\"1500\" \/>\n<meta name=\"twitter:card\" content=\"summary_large_image\" \/>\n<meta name=\"twitter:label1\" content=\"Est. reading time\">\n\t<meta name=\"twitter:data1\" content=\"5 minutes\">\n<script type=\"application\/ld+json\" class=\"yoast-schema-graph\">{\"@context\":\"https:\/\/schema.org\",\"@graph\":[{\"@type\":\"Organization\",\"@id\":\"https:\/\/www.houseofase.com\/#organization\",\"name\":\"House of \\u00c0\\u1e63\\u1eb9\",\"url\":\"https:\/\/www.houseofase.com\/\",\"sameAs\":[\"https:\/\/www.instagram.com\/AfroKalina\"],\"logo\":{\"@type\":\"ImageObject\",\"@id\":\"https:\/\/www.houseofase.com\/#logo\",\"inLanguage\":\"gp-GP\",\"url\":\"\",\"caption\":\"House of \\u00c0\\u1e63\\u1eb9\"},\"image\":{\"@id\":\"https:\/\/www.houseofase.com\/#logo\"}},{\"@type\":\"WebSite\",\"@id\":\"https:\/\/www.houseofase.com\/#website\",\"url\":\"https:\/\/www.houseofase.com\/\",\"name\":\"House of \\u00c0\\u1e63\\u1eb9\",\"description\":\"Afro-Kalina &amp; Caribbean Traditions\",\"publisher\":{\"@id\":\"https:\/\/www.houseofase.com\/#organization\"},\"potentialAction\":[{\"@type\":\"SearchAction\",\"target\":\"https:\/\/www.houseofase.com\/?s={search_term_string}\",\"query-input\":\"required name=search_term_string\"}],\"inLanguage\":\"gp-GP\"},{\"@type\":\"ImageObject\",\"@id\":\"https:\/\/www.houseofase.com\/gp\/pwodui\/planifikate-espirityel\/#primaryimage\",\"inLanguage\":\"gp-GP\",\"url\":\"https:\/\/www.houseofase.com\/wp-content\/uploads\/2021\/11\/product-img-main-planner26-01.jpg\",\"width\":1280,\"height\":1500},{\"@type\":\"WebPage\",\"@id\":\"https:\/\/www.houseofase.com\/gp\/pwodui\/planifikate-espirityel\/#webpage\",\"url\":\"https:\/\/www.houseofase.com\/gp\/pwodui\/planifikate-espirityel\/\",\"name\":\"Ajenda \\u00e8spirity\\u00e8l 2025 | On Lann\\u00e9 an Katchimen (pou pitit a Lafrik)\",\"isPartOf\":{\"@id\":\"https:\/\/www.houseofase.com\/#website\"},\"primaryImageOfPage\":{\"@id\":\"https:\/\/www.houseofase.com\/gp\/pwodui\/planifikate-espirityel\/#primaryimage\"},\"datePublished\":\"2021-11-07T21:32:32+00:00\",\"dateModified\":\"2026-02-05T02:25:41+00:00\",\"description\":\"Kalandriy\\u00e9 s\\u00e9l\\u00e9brasyon; jounal divinasyon \\u00e9 rity\\u00e8l Kenbwa, Hoodoo, Vodou, Ifa, Santer\\u00eda \\u00e9pi d\\u00f2t tradisyon Afriken (\\u00e8v\\u00e8 Oricha \\u00e9pi Lwa).\",\"inLanguage\":\"gp-GP\",\"potentialAction\":[{\"@type\":\"ReadAction\",\"target\":[\"https:\/\/www.houseofase.com\/gp\/pwodui\/planifikate-espirityel\/\"]}]}]}<\/script>\n<!-- \/ Yoast SEO plugin. -->","_links":{"self":[{"href":"https:\/\/www.houseofase.com\/gp\/wp-json\/wp\/v2\/product\/38115"}],"collection":[{"href":"https:\/\/www.houseofase.com\/gp\/wp-json\/wp\/v2\/product"}],"about":[{"href":"https:\/\/www.houseofase.com\/gp\/wp-json\/wp\/v2\/types\/product"}],"replies":[{"embeddable":true,"href":"https:\/\/www.houseofase.com\/gp\/wp-json\/wp\/v2\/comments?post=38115"}],"wp:featuredmedia":[{"embeddable":true,"href":"https:\/\/www.houseofase.com\/gp\/wp-json\/wp\/v2\/media\/38584"}],"wp:attachment":[{"href":"https:\/\/www.houseofase.com\/gp\/wp-json\/wp\/v2\/media?parent=38115"}],"wp:term":[{"taxonomy":"product_cat","embeddable":true,"href":"https:\/\/www.houseofase.com\/gp\/wp-json\/wp\/v2\/product_cat?post=38115"},{"taxonomy":"product_tag","embeddable":true,"href":"https:\/\/www.houseofase.com\/gp\/wp-json\/wp\/v2\/product_tag?post=38115"}],"curies":[{"name":"wp","href":"https:\/\/api.w.org\/{rel}","templated":true}]}}