{"id":37986,"date":"2018-07-07T11:27:10","date_gmt":"2018-07-07T09:27:10","guid":{"rendered":"https:\/\/www.houseofase.com\/contact\/"},"modified":"2021-03-24T00:16:03","modified_gmt":"2021-03-23T23:16:03","slug":"kontak","status":"publish","type":"page","link":"https:\/\/www.houseofase.com\/gp\/kontak\/","title":{"rendered":"Kontak"},"content":{"rendered":"<p>[vc_row full_width=&#8221;stretch_row_content_no_spaces&#8221;][vc_column][vc_single_image image=&#8221;37979&#8243; img_size=&#8221;full&#8221;][\/vc_column][\/vc_row][vc_row][vc_column width=&#8221;1\/2&#8243;][vc_column_text]<\/p>\n<h6>Mi d\u00e9-twa r\u00e9pons<\/h6>\n<h2>K\u00e8syon moun ka poz\u00e9 anlo<\/h2>\n<h4>Komann &amp; livr\u00e9zon<\/h4>\n<p><a>Konmen tan avan pwodui an mwen riv\u00e9?<\/a><br \/>\nDapr\u00e9 la ou y\u00e9, sa p\u00e9 pran 2 jou (an Fwans) oswa p\u00e9t\u00e8t 10 jou travay (DOM \u00e9pi l\u00e9z\u00f2t kot\u00e9).<\/p>\n<p><a>Konmen pou livr\u00e9zon?<\/a><br \/>\nL\u00e8 ou an pangn\u00e9 a-w, m\u00e9t\u00e9 p\u00e9yi a-w \u00e8v\u00e8 k\u00f2d postal a-w. Pri-la k\u00e9 par\u00e8t.<\/p>\n<p><a>Z\u00f2t ka livr\u00e9 an p\u00e9yi an mwen?<\/a><br \/>\nAn s\u00e8ten nou p\u00e9 f\u00e8 sa. Pou vw\u00e8 sa, al\u00e9-w asi pangn\u00e9 a-w \u00e9 mak\u00e9 non a p\u00e9yi a-w.<\/p>\n<h4>Kenbwa<\/h4>\n<p><a>\u00c8s kenbwa s\u00e9 on biten toufr\u00e9 riv\u00e9?<\/a><br \/>\nAwa. Kenbw vy\u00e9 tankou Zantiy Fwans\u00e9. I f\u00e8t davwa pizy\u00e8 koutim Afriken m\u00e9lanj\u00e9 \u00e9pi yo kontr\u00e9 \u00e8v\u00e8 kilti lokal a Karayib. Ou ka touv\u00e9 tibwen Krisyanis adan, \u00e8spesyalman pou menn\u00e9 zaf\u00e8 anba f\u00e8y.<\/p>\n<p><a>Z\u00f2t ka louanj\u00e9 Dyab \u00e9 move l\u00e8spri?<\/a><br \/>\nKenbwa pa ni ahak a f\u00e8 \u00e8v\u00e8 dyab \u00e9 m\u00e9chanst\u00e9. S\u00e9 on zouti. On bon kantit\u00e9 moun ka s\u00e8vi \u00e8v\u00e8-y pou byen. E ni sa ki ka f\u00e8 d\u00f2t chwa.<\/p>\n<h4>S\u00e8vis<\/h4>\n<p><a>Z\u00f2t ka gad\u00e9 zaf\u00e8 ba moun?<\/a><br \/>\nAl\u00e8kil\u00e9, s\u00e8l biten nou ka f\u00e8 s\u00e9 vann pwodui \u00e9 nou pa ka gad\u00e9 zaf\u00e8 ni f\u00e8 pon d\u00f2t kalit\u00e9 s\u00e8vis \u00e8sp\u00e9syal ba moun.<\/p>\n<p><a>E si s\u00e9 sa an vl\u00e9 menm \u00e9 an k\u00e9 p\u00e9y\u00e9 bon lajan?<\/a><br \/>\nNou k\u00e9 r\u00e9ponn menm jan-la. M\u00e8si pou tout konpr\u00e9yansyon.[\/vc_column_text][\/vc_column][vc_column width=&#8221;1\/2&#8243;][vc_column_text]<\/p>\n<h6>Ou poko touv\u00e9 sa ou bouzen ?<\/h6>\n<h2>Voy\u00e9 on mo ban nou<\/h2>\n<div role=\"form\" class=\"wpcf7\" id=\"wpcf7-f37999-o1\" lang=\"fr-FR\" dir=\"ltr\">\n<div class=\"screen-reader-response\"><p role=\"status\" aria-live=\"polite\" aria-atomic=\"true\"><\/p> <ul><\/ul><\/div>\n<form action=\"\/gp\/wp-json\/wp\/v2\/pages\/37986#wpcf7-f37999-o1\" method=\"post\" class=\"wpcf7-form init\" novalidate=\"novalidate\" data-status=\"init\">\n<div style=\"display: none;\">\n<input type=\"hidden\" name=\"_wpcf7\" value=\"37999\" \/>\n<input type=\"hidden\" name=\"_wpcf7_version\" value=\"5.4\" \/>\n<input type=\"hidden\" name=\"_wpcf7_locale\" value=\"fr_FR\" \/>\n<input type=\"hidden\" name=\"_wpcf7_unit_tag\" value=\"wpcf7-f37999-o1\" \/>\n<input type=\"hidden\" name=\"_wpcf7_container_post\" value=\"0\" \/>\n<input type=\"hidden\" name=\"_wpcf7_posted_data_hash\" value=\"\" \/>\n<\/div>\n<p><label> Non a-w<br \/>\n    <span class=\"wpcf7-form-control-wrap your-name\"><input type=\"text\" name=\"your-name\" value=\"\" size=\"40\" class=\"wpcf7-form-control wpcf7-text wpcf7-validates-as-required\" aria-required=\"true\" aria-invalid=\"false\" \/><\/span> <\/label><\/p>\n<p><label> Adr\u00e8s m\u00e8l a-w<br \/>\n    <span class=\"wpcf7-form-control-wrap your-email\"><input type=\"email\" name=\"your-email\" value=\"\" size=\"40\" class=\"wpcf7-form-control wpcf7-text wpcf7-email wpcf7-validates-as-required wpcf7-validates-as-email\" aria-required=\"true\" aria-invalid=\"false\" \/><\/span> <\/label><\/p>\n<p><label> Lak\u00e8syon<br \/>\n    <span class=\"wpcf7-form-control-wrap your-subject\"><input type=\"text\" name=\"your-subject\" value=\"\" size=\"40\" class=\"wpcf7-form-control wpcf7-text wpcf7-validates-as-required\" aria-required=\"true\" aria-invalid=\"false\" \/><\/span> <\/label><\/p>\n<p><label> Konmisyon<br \/>\n    <span class=\"wpcf7-form-control-wrap your-message\"><textarea name=\"your-message\" cols=\"40\" rows=\"10\" class=\"wpcf7-form-control wpcf7-textarea\" aria-invalid=\"false\"><\/textarea><\/span> <\/label><\/p>\n<p><label><span class=\"wpcf7-form-control-wrap quiz-859\"><label><span class=\"wpcf7-quiz-label\">Ki kapital a la Fwans (an fwans\u00e9)?<\/span> <input type=\"text\" name=\"quiz-859\" size=\"40\" class=\"wpcf7-form-control wpcf7-quiz\" autocomplete=\"off\" aria-required=\"true\" aria-invalid=\"false\" \/><\/label><input type=\"hidden\" name=\"_wpcf7_quiz_answer_quiz-859\" value=\"eb0a057370292b7dd194f0d2bbdb7f98\" \/><\/span> <\/label><\/p>\n<p><input type=\"submit\" value=\"Voy\u00e9\" class=\"wpcf7-form-control wpcf7-submit\" \/><\/p>\n<p style=\"display: none !important;\"><label>&#916;<textarea name=\"_wpcf7_ak_hp_textarea\" cols=\"45\" rows=\"8\" maxlength=\"100\"><\/textarea><\/label><input type=\"hidden\" id=\"ak_js_1\" name=\"_wpcf7_ak_js\" value=\"153\"\/><script>document.getElementById( \"ak_js_1\" ).setAttribute( \"value\", ( new Date() ).getTime() );<\/script><\/p><div class=\"wpcf7-response-output\" aria-hidden=\"true\"><\/div><\/form><\/div>[\/vc_column_text][\/vc_column][\/vc_row]<\/p>\n","protected":false},"excerpt":{"rendered":"<p>[vc_row full_width=&#8221;stretch_row_content_no_spaces&#8221;][vc_column][vc_single_image image=&#8221;37979&#8243; img_size=&#8221;full&#8221;][\/vc_column][\/vc_row][vc_row][vc_column width=&#8221;1\/2&#8243;][vc_column_text] Mi d\u00e9-twa r\u00e9pons K\u00e8syon moun ka poz\u00e9 anlo Komann &amp; livr\u00e9zon Konmen tan avan pwodui an mwen riv\u00e9? Dapr\u00e9 la ou y\u00e9, sa p\u00e9 pran 2 jou (an Fwans) oswa p\u00e9t\u00e8t 10 jou travay (DOM \u00e9pi l\u00e9z\u00f2t kot\u00e9). Konmen pou livr\u00e9zon? L\u00e8 ou an pangn\u00e9 a-w, m\u00e9t\u00e9 p\u00e9yi a-w \u00e8v\u00e8 [&hellip;]<\/p>\n","protected":false},"author":1,"featured_media":0,"parent":0,"menu_order":0,"comment_status":"closed","ping_status":"closed","template":"template-fullwidth-no-heading.php","meta":{"footnotes":""},"jetpack_sharing_enabled":true,"yoast_head":"<!-- This site is optimized with the Yoast SEO plugin v15.5 - https:\/\/yoast.com\/wordpress\/plugins\/seo\/ -->\n<title>Kontakt\u00e9 nou | House of \u00c0\u1e63\u1eb9, tradisyon espirity\u00e8l la Karayib<\/title>\n<meta name=\"description\" content=\"Kot\u00e9sit, ou k\u00e9 jwenn \u00e8v\u00e8 k\u00e8syon moun ka poz\u00e9 anlo asi komann \u00e9pi kalit\u00e9 s\u00e8vis nou ka ba-y. Si ou tini d\u00f2t k\u00e8syon, voy\u00e9 on ti mo ban-nou.\" \/>\n<meta name=\"robots\" content=\"index, follow, max-snippet:-1, max-image-preview:large, max-video-preview:-1\" \/>\n<link rel=\"canonical\" href=\"https:\/\/www.houseofase.com\/gp\/kontak\/\" \/>\n<meta property=\"og:locale\" content=\"en_US\" \/>\n<meta property=\"og:type\" content=\"article\" \/>\n<meta property=\"og:title\" content=\"Kontakt\u00e9 nou | House of \u00c0\u1e63\u1eb9, tradisyon espirity\u00e8l la Karayib\" \/>\n<meta property=\"og:description\" content=\"Kot\u00e9sit, ou k\u00e9 jwenn \u00e8v\u00e8 k\u00e8syon moun ka poz\u00e9 anlo asi komann \u00e9pi kalit\u00e9 s\u00e8vis nou ka ba-y. Si ou tini d\u00f2t k\u00e8syon, voy\u00e9 on ti mo ban-nou.\" \/>\n<meta property=\"og:url\" content=\"https:\/\/www.houseofase.com\/gp\/kontak\/\" \/>\n<meta property=\"og:site_name\" content=\"House of \u00c0\u1e63\u1eb9\" \/>\n<meta property=\"article:modified_time\" content=\"2021-03-23T23:16:03+00:00\" \/>\n<meta name=\"twitter:card\" content=\"summary_large_image\" \/>\n<meta name=\"twitter:label1\" content=\"Est. reading time\">\n\t<meta name=\"twitter:data1\" content=\"1 minute\">\n<script type=\"application\/ld+json\" class=\"yoast-schema-graph\">{\"@context\":\"https:\/\/schema.org\",\"@graph\":[{\"@type\":\"Organization\",\"@id\":\"https:\/\/www.houseofase.com\/#organization\",\"name\":\"House of \\u00c0\\u1e63\\u1eb9\",\"url\":\"https:\/\/www.houseofase.com\/\",\"sameAs\":[\"https:\/\/www.instagram.com\/AfroKalina\"],\"logo\":{\"@type\":\"ImageObject\",\"@id\":\"https:\/\/www.houseofase.com\/#logo\",\"inLanguage\":\"gp-GP\",\"url\":\"\",\"caption\":\"House of \\u00c0\\u1e63\\u1eb9\"},\"image\":{\"@id\":\"https:\/\/www.houseofase.com\/#logo\"}},{\"@type\":\"WebSite\",\"@id\":\"https:\/\/www.houseofase.com\/#website\",\"url\":\"https:\/\/www.houseofase.com\/\",\"name\":\"House of \\u00c0\\u1e63\\u1eb9\",\"description\":\"Afro-Kalina &amp; Caribbean Traditions\",\"publisher\":{\"@id\":\"https:\/\/www.houseofase.com\/#organization\"},\"potentialAction\":[{\"@type\":\"SearchAction\",\"target\":\"https:\/\/www.houseofase.com\/?s={search_term_string}\",\"query-input\":\"required name=search_term_string\"}],\"inLanguage\":\"gp-GP\"},{\"@type\":\"WebPage\",\"@id\":\"https:\/\/www.houseofase.com\/gp\/kontak\/#webpage\",\"url\":\"https:\/\/www.houseofase.com\/gp\/kontak\/\",\"name\":\"Kontakt\\u00e9 nou | House of \\u00c0\\u1e63\\u1eb9, tradisyon espirity\\u00e8l la Karayib\",\"isPartOf\":{\"@id\":\"https:\/\/www.houseofase.com\/#website\"},\"datePublished\":\"2018-07-07T09:27:10+00:00\",\"dateModified\":\"2021-03-23T23:16:03+00:00\",\"description\":\"Kot\\u00e9sit, ou k\\u00e9 jwenn \\u00e8v\\u00e8 k\\u00e8syon moun ka poz\\u00e9 anlo asi komann \\u00e9pi kalit\\u00e9 s\\u00e8vis nou ka ba-y. Si ou tini d\\u00f2t k\\u00e8syon, voy\\u00e9 on ti mo ban-nou.\",\"inLanguage\":\"gp-GP\",\"potentialAction\":[{\"@type\":\"ReadAction\",\"target\":[\"https:\/\/www.houseofase.com\/gp\/kontak\/\"]}]}]}<\/script>\n<!-- \/ Yoast SEO plugin. -->","_links":{"self":[{"href":"https:\/\/www.houseofase.com\/gp\/wp-json\/wp\/v2\/pages\/37986"}],"collection":[{"href":"https:\/\/www.houseofase.com\/gp\/wp-json\/wp\/v2\/pages"}],"about":[{"href":"https:\/\/www.houseofase.com\/gp\/wp-json\/wp\/v2\/types\/page"}],"author":[{"embeddable":true,"href":"https:\/\/www.houseofase.com\/gp\/wp-json\/wp\/v2\/users\/1"}],"replies":[{"embeddable":true,"href":"https:\/\/www.houseofase.com\/gp\/wp-json\/wp\/v2\/comments?post=37986"}],"version-history":[{"count":4,"href":"https:\/\/www.houseofase.com\/gp\/wp-json\/wp\/v2\/pages\/37986\/revisions"}],"predecessor-version":[{"id":38002,"href":"https:\/\/www.houseofase.com\/gp\/wp-json\/wp\/v2\/pages\/37986\/revisions\/38002"}],"wp:attachment":[{"href":"https:\/\/www.houseofase.com\/gp\/wp-json\/wp\/v2\/media?parent=37986"}],"curies":[{"name":"wp","href":"https:\/\/api.w.org\/{rel}","templated":true}]}}